{"id":190,"date":"2013-09-11T17:56:26","date_gmt":"2013-09-11T17:56:26","guid":{"rendered":"https:\/\/whiteravens.org\/?page_id=190"},"modified":"2013-09-23T08:14:40","modified_gmt":"2013-09-23T12:14:40","slug":"aelfred-the-great","status":"publish","type":"page","link":"https:\/\/whiteravens.org\/?page_id=190","title":{"rendered":"Alfred the Great"},"content":{"rendered":"<p>Alfred the Great (i.e., <em>\u00c6lfr\u0113d se Gr\u0113ata<\/em>)\u00a0reigned in Wessex from 871 to 899. He was born in 849 at Wantage, Oxfordshire to\u00a0\u00c6\u00feelwulf and\u00a0Osburh. According to the Anglo-Saxon Chronicle, he was sent to Rome at the age of four to be anointed king by Pope Leo the IV.<\/p>\n<p>In 865, England was attacked by the Great Heathen Army, a Viking horde intent upon conquering the four kingdoms. With his brothers\u00a0\u00c6\u00feelbald and \u00c6\u00feelberht both crowned and killed, the third son\u00a0\u00c6\u00feelr\u00e6d became king.\u00a0Alfred is not mentioned during the reigns of his eldest brothers until the succession of the third son, \u00c6\u00feelr\u00e6d, when he was given\u00a0the title Secundarius by the Bishop Asser.<\/p>\n<p><img loading=\"lazy\" decoding=\"async\" class=\"aligncenter size-full wp-image-199\" alt=\"Great Heathen Army\" src=\"https:\/\/whiteravens.org\/wp-content\/uploads\/2013\/09\/Great-Heathen-Army.jpg\" width=\"450\" height=\"470\" srcset=\"https:\/\/whiteravens.org\/wp-content\/uploads\/2013\/09\/Great-Heathen-Army.jpg 450w, https:\/\/whiteravens.org\/wp-content\/uploads\/2013\/09\/Great-Heathen-Army-287x300.jpg 287w\" sizes=\"auto, (max-width: 450px) 100vw, 450px\" \/><\/p>\n<p>Starting with the skirmish at Englefield on December 31, 870, Alfred and his brother saw nine battles within a year. \u00c6\u00feelr\u00e6d died on April 23rd, following the Battle of Merton, placing Secundarius\u00a0Alfred on the throne of Wessex. While organizing his brother&#8217;s funeral, the English suffered a loss at an unknown location and again at Wilton in May 871.\u00a0Alfred was forced to make peace with the Danes. The Vikings withdrew from Reading that to Mercian London in the Winter of 871, probably laden with significant Danegeld. The peace lasted until 876, though the Vikings remained active in other parts of England.<\/p>\n<p><a style=\"color: #df0000; line-height: 23px; font-size: 14px;\" href=\"https:\/\/whiteravens.org\/wp-content\/uploads\/2013\/09\/Alfred-Coins.jpg\"><img loading=\"lazy\" decoding=\"async\" class=\"aligncenter size-full wp-image-191\" alt=\"Alfred Coins\" src=\"https:\/\/whiteravens.org\/wp-content\/uploads\/2013\/09\/Alfred-Coins.jpg\" width=\"450\" height=\"215\" srcset=\"https:\/\/whiteravens.org\/wp-content\/uploads\/2013\/09\/Alfred-Coins.jpg 450w, https:\/\/whiteravens.org\/wp-content\/uploads\/2013\/09\/Alfred-Coins-300x143.jpg 300w\" sizes=\"auto, (max-width: 450px) 100vw, 450px\" \/><\/a><\/p>\n<p>In 876, the Danes attacked and occupied Wareham in Dorsetshire. Alfred was again forced to negotiate with the Vikings. The two sides exchanged hostages, made oaths, and swore upon a holy ring of Thor. The Danes broke their oaths however, killing hostages and escaping in the night to Exeter in Devon. Alfred blockaded the Vikings there, forcing them to retreat back to Mercia. In January 878 the Vikings attacked again, this time taking Chippendam where Alfred was spending the Christmas holiday. Alfred escaped with a small band into the marshes of Somerset. At <i>\u00c6thelinga \u00edeg<\/i> (i.e., &#8220;Isle of Princes&#8221; aka Athelney), Alfred and his men likely reinforced an ancient fort and were able to rally local militias from Hampshire, Somerset, and Wiltshire. At this time, all of England had fallen to the Vikings except for Alfred&#8217;s meager resistance in the marshes of Wessex.<\/p>\n<div id=\"attachment_293\" style=\"width: 460px\" class=\"wp-caption aligncenter\"><a href=\"https:\/\/whiteravens.org\/wp-content\/uploads\/2013\/09\/athelney-monument.jpg\"><img loading=\"lazy\" decoding=\"async\" aria-describedby=\"caption-attachment-293\" class=\"size-full wp-image-293\" alt=\"Athelney Monument\" src=\"https:\/\/whiteravens.org\/wp-content\/uploads\/2013\/09\/athelney-monument.jpg\" width=\"450\" height=\"509\" srcset=\"https:\/\/whiteravens.org\/wp-content\/uploads\/2013\/09\/athelney-monument.jpg 450w, https:\/\/whiteravens.org\/wp-content\/uploads\/2013\/09\/athelney-monument-265x300.jpg 265w\" sizes=\"auto, (max-width: 450px) 100vw, 450px\" \/><\/a><p id=\"caption-attachment-293\" class=\"wp-caption-text\">Athelney Monument, Somerset, erected 1801<\/p><\/div>\n<p>After four months at Athelney, Alfred gathered all the remaining forces of Hampshire, Somerset, and Wiltshire at <em>Ecgbryhtesstan<\/em> (i.e.,\u00a0Egbert&#8217;s Stone). From there, his army clashed with Guthrum&#8217;s Vikings at the Battle of Edington in May 878. Alfred was not only victorious but he pursued the Danes to Chippenham. After stranding the Danes in Chippenham for two weeks, the Danes sued for peace. The Treaty of Alfred and Guthrum established two kingdoms and the conversion of Guthrum and 29 of his chiefs to Christianity. Guthrum took the name\u00a0\u00c6\u00feelstan. The land ceded to Guthrum would become the Danelaw.<\/p>\n<p>Following the treaty, there was a relative quiet across the kingdom. Alfred had to contend with a number of small raids and skirmishes, but nothing on the scale of Ivar and Guthrum&#8217;s incursions. On one occasion the Danes constructed a fortress outside the Saxon city of Rochester, but were chased back to their boats by the army of Wessex. In 886, Alfred reclaimed London and placed it in the care of\u00a0\u00c6\u00feelred, his son-in-law and an ealdorman of Mercia.<\/p>\n<p>In 892 and 893, Danes from the continent invaded England again. This time bringing 330 ships with wives and children, bent on colonization. On division of the Danes moved northwest and were defeated by Alfred&#8217;s son Edward at Farnham, Surrey. For the next couple years, the Anglo-Saxons chased the Danes across the country. Finally, Alfred managed to obstruct the River Lea and contain the Danish ships north of London. In 896\/7, the Vikings abandoned their campaign and retreated to East Anglia, Northumbria, and the continent.<\/p>\n<p>During the years that followed, Alfred implemented sweeping changes to both his military and country. Instead of sending his soldiers forward in long shield walls, he established a network of 33 burhs (i.e., fortified towns) at strategic locations throughout the kingdom. The burhs were each separated by 19 miles so that the army could respond to any attack within a day. Each burh was responsible for supporting a number of men according to the <a href=\"http:\/\/en.wikipedia.org\/wiki\/Burghal_Hidage\">Burghal Hidage<\/a>. In total, one in four Wessex freemen were needed for the 27,000 man army.<\/p>\n<div id=\"attachment_295\" style=\"width: 460px\" class=\"wp-caption aligncenter\"><a href=\"https:\/\/whiteravens.org\/wp-content\/uploads\/2013\/09\/Burghal-Hidage.png\"><img loading=\"lazy\" decoding=\"async\" aria-describedby=\"caption-attachment-295\" class=\"size-full wp-image-295\" alt=\"Burghal Hidage\" src=\"https:\/\/whiteravens.org\/wp-content\/uploads\/2013\/09\/Burghal-Hidage.png\" width=\"450\" height=\"325\" srcset=\"https:\/\/whiteravens.org\/wp-content\/uploads\/2013\/09\/Burghal-Hidage.png 450w, https:\/\/whiteravens.org\/wp-content\/uploads\/2013\/09\/Burghal-Hidage-300x216.png 300w\" sizes=\"auto, (max-width: 450px) 100vw, 450px\" \/><\/a><p id=\"caption-attachment-295\" class=\"wp-caption-text\">Burghal Hidage, based on &#8220;The Defence of Wessex&#8221;<\/p><\/div>\n<p>In 896, Alfred ordered the construction of a small fleet of longships. The ships were twice the size of Viking warships, numbering 60 oars each. Though better protected they were less maneuverable than their Viking counterparts. This resulted in an almost comedic battle where the heavy ships were stranded at low tide, forcing the sailors to exit the grounded ships and fight on land. The outnumbered Danes fled to their ships when the tide returned, and rowed away past the heavier, stranded English ships. The Danes suffered too many loses however and two ships were driven against the Sussex coast. The shipwrecked Vikings were brought before Alfred at Winchester and hanged.<\/p>\n<p>In addition to military reforms, Alfred issued a 120 chapter <em>domboc <\/em>(i.e., Doom Book), based on the\u00a0<a href=\"http:\/\/en.wikipedia.org\/wiki\/Ten_Commandments\">Decalogue<\/a>,\u00a0the laws of Ine of Wessex, \u00a0and other predecessors. The <em>domboc<\/em>\u00a0itself was confusing, contradictory, and poorly organized. Despite this, he seemed devoted to the ideal of judicial fairness, spending a great amount of time reviewing judgments made by his ealdormen and reeves.<\/p>\n<div id=\"attachment_299\" style=\"width: 460px\" class=\"wp-caption aligncenter\"><a href=\"https:\/\/whiteravens.org\/wp-content\/uploads\/2013\/09\/Alfred-Jewel.jpg\"><img loading=\"lazy\" decoding=\"async\" aria-describedby=\"caption-attachment-299\" class=\"size-full wp-image-299\" alt=\"Alfred Jewel, Somerset \u00e6stel at  Ashmolean Museum\" src=\"https:\/\/whiteravens.org\/wp-content\/uploads\/2013\/09\/Alfred-Jewel.jpg\" width=\"450\" height=\"419\" srcset=\"https:\/\/whiteravens.org\/wp-content\/uploads\/2013\/09\/Alfred-Jewel.jpg 450w, https:\/\/whiteravens.org\/wp-content\/uploads\/2013\/09\/Alfred-Jewel-300x279.jpg 300w\" sizes=\"auto, (max-width: 450px) 100vw, 450px\" \/><\/a><p id=\"caption-attachment-299\" class=\"wp-caption-text\">Alfred Jewel, Somerset \u00e6stel at Ashmolean Museum<\/p><\/div>\n<p>Perhaps one of Alfred&#8217;s greatest legacies was his commitment to education. He required all officials to be literate and sought to educate his children, those of his nobles, and &#8220;a good many of lesser birth&#8221; through court schools. He had a number of Latin works translated into Old English, and sponsored the compilation of the Anglo-Saxon Chronicles. Alfred is credited with translating and supplementing a number of works himself &#8220;sometimes word for word, sometimes sense for sense&#8221;. In the preface to his translation of Gregory the Great&#8217;s Pastoral Care, Alfred wrote:<\/p>\n<blockquote><p>&#8220;Consider what punishments befell us in this world when we neither loved wisdom at all ourselves, nor transmitted it to other men&#8221; and &#8220;Then when I remembered all this, then I also remembered how I saw, before it had all been ravaged and burnt, how the churches throughout all England stood filled with treasures and books, and there were also a great many of God&#8217;s servants. And they had very little benefit from those books, for they could not understand anything in them, because they were not written in their own language. As if they had said: &#8216;Our ancestors, who formerly held these places, loved wisdom, and through it they obtained wealth and left it to us. Here we can still see their footprints, but we cannot track after them.&#8217; And therefore we have now lost both the wealth and the wisdom, because we would not bend down to their tracks\u00a0with our minds.&#8221;<\/p><\/blockquote>\n<p>Alfred the Great&#8217;s crown (previously the Crown of St. Edward the Confessor) was melted-down by Oliver Cromwell during the Interregnum. An inventory of the crown jewels made by Parliament in that same year, described it as:<\/p>\n<blockquote><p>&#8220;King Alfred&#8217;s Crowne of gould wyerworke, sett with slight stones, and 2 little bells, 79 1\/2 ounces at \u00a33 per ounce, \u00a3248 10s.&#8221;<\/p><\/blockquote>\n<p>Parliamentarian Sir Henry Spelman described it better:<\/p>\n<blockquote><p>&#8220;It was of very ancient work, with flowers adorned with stones of somewhat plain setting&#8221; in a cabinet inscribed with the words &#8220;Haec est principalior corona &#8212;\u00a0qua coronabantur reges Aelfredus, Edwardus&#8221;<\/p><\/blockquote>\n<p>King Alfred is believed to be buried at Hyde Abbey Gardens. His remains were moved to the site by the Norman King Henry I. In the 16th century, King Henry VIII had Hyde Abbey destroyed, but ledger stones at the gardens (placed in 2007) supposedly mark his final resting place. <a title=\"ISO Alfred the Great\" href=\"https:\/\/whiteravens.org\/?p=178\">Some suspect<\/a> that King Alfred&#8217;s remains might have been moved to St. Bartholomew&#8217;s chapel, also in Winchester. An ongoing investigation is studying that possibility.<\/p>\n<ol>\n<li>&#8220;<a href=\"http:\/\/www.radiotimes.com\/news\/2013-08-22\/king-alfred-and-the-anglo-saxons-walk-in-the-footsteps-of-a-great-ruler\">King Alfred and the Anglo Saxons: Walk in the footsteps of a great ruler<\/a>&#8220;, RadioTimes, 2013-08-23<\/li>\n<li><span style=\"color: #444444;\">Map of &#8220;<\/span><a href=\"http:\/\/en.wikipedia.org\/wiki\/File:England_Great_Army_map.svg\">Great Heathen Army<\/a><span style=\"color: #444444;\">&#8221; created by &#8220;Hel-hama&#8221;, Wikipedia<\/span><\/li>\n<li>Coin images from &#8220;<a href=\"http:\/\/www.flickr.com\/photos\/antiquitiesproject\/6857883896\/sizes\/o\/in\/photostream\/\">Ancient Art<\/a>&#8220;, Flickr<\/li>\n<li>Photo of &#8220;<a href=\"http:\/\/www.google.com\/imgres?imgurl=http:\/\/icons-ak.wunderground.com\/data\/wximagenew\/w\/WurzelDave\/3903.jpg&amp;imgrefurl=http:\/\/www.wunderground.com\/wximage\/viewsingleimage.html?mode=singleimage&amp;orig_handle=WurzelDave&amp;orig_number=4274&amp;handle=WurzelDave&amp;number=4287&amp;album_id=595&amp;h=800&amp;w=600&amp;sz=125&amp;tbnid=rKN_5s8Q4oH_1M&amp;tbnh=259&amp;tbnw=194&amp;zoom=1&amp;usg=__sxphmPrLxgqbgvdRE21ccljrdq4=\">Athelney Monument<\/a>&#8221; by WurzelDave, WunderPhotos<\/li>\n<li>Map of &#8220;<a href=\"http:\/\/en.wikipedia.org\/wiki\/File:Anglo-Saxon_burhs.svg\">Burghal Hidage<\/a>&#8221; created by &#8220;Hel-hama&#8221;, Wikipedia<\/li>\n<li>&#8220;<a href=\"http:\/\/en.wikipedia.org\/wiki\/Alfred_the_Great\">Alfred the Great<\/a>&#8220;, Wikipedia<\/li>\n<li>&#8220;<a href=\"http:\/\/www.departments.bucknell.edu\/english\/courses\/engl440\/pastoral.shtml\">Pastoral Care<\/a>&#8220;, Bucknell University<\/li>\n<\/ol>\n","protected":false},"excerpt":{"rendered":"<p>Alfred the Great (i.e., \u00c6lfr\u0113d se Gr\u0113ata)\u00a0reigned in Wessex from 871 to 899. He was born in 849 at Wantage, Oxfordshire to\u00a0\u00c6\u00feelwulf and\u00a0Osburh. According to the Anglo-Saxon Chronicle, he was sent to Rome at the age of four to be &hellip; <a href=\"https:\/\/whiteravens.org\/?page_id=190\">Continue reading <span class=\"meta-nav\">&rarr;<\/span><\/a><\/p>\n","protected":false},"author":1,"featured_media":0,"parent":186,"menu_order":27,"comment_status":"open","ping_status":"open","template":"","meta":{"footnotes":""},"class_list":["post-190","page","type-page","status-publish","hentry"],"_links":{"self":[{"href":"https:\/\/whiteravens.org\/index.php?rest_route=\/wp\/v2\/pages\/190","targetHints":{"allow":["GET"]}}],"collection":[{"href":"https:\/\/whiteravens.org\/index.php?rest_route=\/wp\/v2\/pages"}],"about":[{"href":"https:\/\/whiteravens.org\/index.php?rest_route=\/wp\/v2\/types\/page"}],"author":[{"embeddable":true,"href":"https:\/\/whiteravens.org\/index.php?rest_route=\/wp\/v2\/users\/1"}],"replies":[{"embeddable":true,"href":"https:\/\/whiteravens.org\/index.php?rest_route=%2Fwp%2Fv2%2Fcomments&post=190"}],"version-history":[{"count":10,"href":"https:\/\/whiteravens.org\/index.php?rest_route=\/wp\/v2\/pages\/190\/revisions"}],"predecessor-version":[{"id":441,"href":"https:\/\/whiteravens.org\/index.php?rest_route=\/wp\/v2\/pages\/190\/revisions\/441"}],"up":[{"embeddable":true,"href":"https:\/\/whiteravens.org\/index.php?rest_route=\/wp\/v2\/pages\/186"}],"wp:attachment":[{"href":"https:\/\/whiteravens.org\/index.php?rest_route=%2Fwp%2Fv2%2Fmedia&parent=190"}],"curies":[{"name":"wp","href":"https:\/\/api.w.org\/{rel}","templated":true}]}}