{"id":206,"date":"2013-09-11T19:12:26","date_gmt":"2013-09-11T19:12:26","guid":{"rendered":"https:\/\/whiteravens.org\/?page_id=206"},"modified":"2013-09-20T14:57:32","modified_gmt":"2013-09-20T18:57:32","slug":"mercia","status":"publish","type":"page","link":"https:\/\/whiteravens.org\/?page_id=206","title":{"rendered":"Mercia"},"content":{"rendered":"<h3>History<\/h3>\n<p>The Kingdom of Mercia (i.e., <em>Miercna R\u012bce<\/em>) occupied the region now known as the Midlands. The name Mercia is a Latinization of the OE word <em>Mierce<\/em> or <em>Myrce<\/em> meaning &#8220;border people&#8221;.<\/p>\n<p><a href=\"https:\/\/whiteravens.org\/wp-content\/uploads\/2013\/09\/Mercia.jpg\"><img loading=\"lazy\" decoding=\"async\" class=\"aligncenter size-full wp-image-207\" alt=\"Mercia\" src=\"https:\/\/whiteravens.org\/wp-content\/uploads\/2013\/09\/Mercia.jpg\" width=\"450\" height=\"489\" srcset=\"https:\/\/whiteravens.org\/wp-content\/uploads\/2013\/09\/Mercia.jpg 450w, https:\/\/whiteravens.org\/wp-content\/uploads\/2013\/09\/Mercia-276x300.jpg 276w\" sizes=\"auto, (max-width: 450px) 100vw, 450px\" \/><\/a><\/p>\n<ol>\n<li>\u00a0Map of &#8220;<a href=\"http:\/\/en.wikipedia.org\/wiki\/File:Mercia_map.svg\">Mercia<\/a>&#8221; created by &#8220;Amitchell125&#8221;, English Wikipedia<\/li>\n<\/ol>\n<h3>Cyningas<\/h3>\n<ol>\n<li>Icel (ca. 527- ); son Eomer, last King of the Angles<\/li>\n<li>Cnebba; son of Icel<\/li>\n<li>Cynewald; son of Cnebba<\/li>\n<li>Creoda (ca. 584-ca. 593); son of Cynewald<\/li>\n<li>Pybba (ca. 593-ca. 606); son of Creoda<\/li>\n<li>Cearl (ca. 606-ca. 626)<\/li>\n<li>Penda (ca. 626-655); son of Pybba, killed in battle by Oswiu of Northumbria<\/li>\n<li>Eowa (ca. 635-642); son of Pybba, killed in battle<\/li>\n<li>Peada (ca. 653-656); son of Penda, joint ruler of southeast Mercia, murdered<\/li>\n<li>Oswiu of Northumbria (655-658)<\/li>\n<li>Wulfhere (658-675); son of Penda, first Christian king<\/li>\n<li>\u00c6\u00feelred I (675-704); son of Penda, abdicated, retired to monastery<\/li>\n<li>C\u0153nred (704-709); son of Wulfhere, abdicated, retired to Rome<\/li>\n<li>Ceolred (709-716)<\/li>\n<li>Ceolwald (716); son of\u00a0\u00c6\u00feelred I, possibly poisoned<\/li>\n<li><a title=\"\u00c6\u00feelbald\" href=\"https:\/\/whiteravens.org\/?page_id=346\">\u00c6\u00feelbald<\/a> (716-757); grandson of Eowa, murdered by bodyguards<\/li>\n<li>Beornred (757); no known relations, deposed by Offa, burnt to death<\/li>\n<li>Offa (757-796); great, great, grandson of Eowa<\/li>\n<li>Ecgfrith (787-796); son of Offa, joint ruler, died suddenly<\/li>\n<li><a title=\"C\u0153nwulf\" href=\"https:\/\/whiteravens.org\/?page_id=227\">C\u0153nwulf<\/a> (796-821); descendant of Pybba, self-titled &#8220;emperor&#8221;<\/li>\n<li>Cynehelm (ca. 798-812); son of\u00a0<a title=\"C\u0153nwulf\" href=\"https:\/\/whiteravens.org\/?page_id=227\">C\u0153nwulf<\/a>, canonized<\/li>\n<li>Ceowulf I (821-823); brother of\u00a0<a title=\"C\u0153nwulf\" href=\"https:\/\/whiteravens.org\/?page_id=227\">C\u0153nwulf<\/a>, deposed by Beornwulf<\/li>\n<li>Beornwulf (823-826); kinsman of Beorned, killed in battle<\/li>\n<li>Ludeca (826-827); no known relations, killed in battle<\/li>\n<li><a title=\"Wiglaf\" href=\"https:\/\/whiteravens.org\/?page_id=348\">Wiglaf<\/a> (827-829); no known relations; deposed by Ecgberht of Wessex<\/li>\n<li><a title=\"Ecgberht\" href=\"https:\/\/whiteravens.org\/?page_id=402\">Ecgberht of Wessex<\/a> (829-830)<\/li>\n<li>Wiglaf (830-839); restored<\/li>\n<li>Wigmund (ca. 839-ca. 840); son of Wiglaf, son-in-law of Ceolwulf I<\/li>\n<li>Wigstan (840); son of Wigmund, declined kingship, murdered by Beorhtwulf, canonized<\/li>\n<li>\u00c6lffl\u00e6d (840); daughter of Ceolwulf I, wife of Wigmund, mother of Wigstan, regent<\/li>\n<li><a title=\"Beorhtwulf\" href=\"https:\/\/whiteravens.org\/?page_id=383\">Beorhtwulf<\/a> (840-852); possible cousin, usurped throne, forced\u00a0\u00c6lffl\u00e6d to marry son, Beorhtfrith<\/li>\n<li><a title=\"Burgred\" href=\"https:\/\/whiteravens.org\/?page_id=425\">Burgred<\/a> (852-874); possible kinsman to Beorhtwulf; fled Danish invasion<\/li>\n<li><a title=\"Ceolwulf II\" href=\"https:\/\/whiteravens.org\/?page_id=367\">Ceolwulf II<\/a> (874-879 or ca. 883); possible relation<\/li>\n<li>\u00c6\u00feelred II (ca. 883-911); lord, ealdorman<\/li>\n<li>\u00c6\u00feelfl\u00e6d (911-918); lady, wife of\u00a0\u00c6\u00feelred, daughter of Alfred of Wessex<\/li>\n<li>\u00c6lfwynn (918); daughter of\u00a0\u00c6\u00feelred II and\u00a0\u00c6\u00feelfl\u00e6d; deposed by uncle, Eadweard the Elder<\/li>\n<li>\u00c6\u00feelstan (924); so nof Eadweard the Elder, nephew of\u00a0\u00c6\u00feelfl\u00e6d<\/li>\n<li>Eadgar (957-959); nephew of\u00a0\u00c6\u00feelstan<\/li>\n<\/ol>\n","protected":false},"excerpt":{"rendered":"<p>History The Kingdom of Mercia (i.e., Miercna R\u012bce) occupied the region now known as the Midlands. The name Mercia is a Latinization of the OE word Mierce or Myrce meaning &#8220;border people&#8221;. \u00a0Map of &#8220;Mercia&#8221; created by &#8220;Amitchell125&#8221;, English Wikipedia &hellip; <a href=\"https:\/\/whiteravens.org\/?page_id=206\">Continue reading <span class=\"meta-nav\">&rarr;<\/span><\/a><\/p>\n","protected":false},"author":1,"featured_media":0,"parent":70,"menu_order":4,"comment_status":"open","ping_status":"open","template":"","meta":{"footnotes":""},"class_list":["post-206","page","type-page","status-publish","hentry"],"_links":{"self":[{"href":"https:\/\/whiteravens.org\/index.php?rest_route=\/wp\/v2\/pages\/206","targetHints":{"allow":["GET"]}}],"collection":[{"href":"https:\/\/whiteravens.org\/index.php?rest_route=\/wp\/v2\/pages"}],"about":[{"href":"https:\/\/whiteravens.org\/index.php?rest_route=\/wp\/v2\/types\/page"}],"author":[{"embeddable":true,"href":"https:\/\/whiteravens.org\/index.php?rest_route=\/wp\/v2\/users\/1"}],"replies":[{"embeddable":true,"href":"https:\/\/whiteravens.org\/index.php?rest_route=%2Fwp%2Fv2%2Fcomments&post=206"}],"version-history":[{"count":10,"href":"https:\/\/whiteravens.org\/index.php?rest_route=\/wp\/v2\/pages\/206\/revisions"}],"predecessor-version":[{"id":436,"href":"https:\/\/whiteravens.org\/index.php?rest_route=\/wp\/v2\/pages\/206\/revisions\/436"}],"up":[{"embeddable":true,"href":"https:\/\/whiteravens.org\/index.php?rest_route=\/wp\/v2\/pages\/70"}],"wp:attachment":[{"href":"https:\/\/whiteravens.org\/index.php?rest_route=%2Fwp%2Fv2%2Fmedia&parent=206"}],"curies":[{"name":"wp","href":"https:\/\/api.w.org\/{rel}","templated":true}]}}