{"id":346,"date":"2013-09-19T13:46:45","date_gmt":"2013-09-19T17:46:45","guid":{"rendered":"https:\/\/whiteravens.org\/?page_id=346"},"modified":"2013-09-20T18:19:25","modified_gmt":"2013-09-20T22:19:25","slug":"aethelbald","status":"publish","type":"page","link":"https:\/\/whiteravens.org\/?page_id=346","title":{"rendered":"\u00c6\u00feelbald of Mercia"},"content":{"rendered":"<p>\u00c6\u00feelbald was King of Mercia from 716 to 757. He was the son of Alweo and grandson of Eowa, brother of Penda. He ascended to the throne following the suspicious death of King\u00a0Ceolred, who had previously sent him into exile. At the end of his reign,\u00a0\u00c6\u00feelbald ruled all England south of the Humber, yet was not titled <em>bretwalda<\/em> by either the Wessexian Chronicle of <em>Historia ecclesiastica gentis Anglorum<\/em>.<\/p>\n<p>Before his ascension,\u00a0King Ceolred drove\u00a0\u00c6\u00feelbald into exile.\u00a0\u00c6\u00feelbald took refuge in the Fens and there visited Guthlac, a hermit monk who lived in a barrow at Crowland. After Guthlac&#8217;s death,\u00a0\u00c6\u00feelbald claimed to have a prophetic dream that greatness awaited him. Shortly thereafter, King Ceolred died of fits at a banquet table, clearing the way for\u00a0\u00c6\u00feelbald&#8217;s return and ascension.<\/p>\n<p>\u00c6\u00feelbald&#8217;s reign marked the beginning of a powerful period for Mercia. Between the reigns of\u00a0\u00c6\u00feelbald and Offa, the kingdom dominated for eighty years. By 731, all the southern kings bowed to his overlordship. Little evidence survives to support his dominance over Kent, other than his patronage of Kentish churches. It was also during this period that London was attached to Mercia, rather than Essex. The contemporary chronicler Bede, summarized that in 731 all southern England was subject to\u00a0\u00c6\u00feelbald, King of the Mercians.<\/p>\n<p>There seems to have been a number of conflicts and wars under\u00a0\u00c6\u00feelbald&#8217;s rule. The purposes of these battles can only be surmised. When\u00a0Cuthred of Wessex succeeded\u00a0\u00c6\u00feelheard in 740, he &#8220;boldly made war against\u00a0\u00c6\u00feelbald, king of Mercia&#8221;. Years later, Cuthred and\u00a0\u00c6\u00feelbald fought together against the Welsh, a possible obligation placed upon Cuthred for his previous offense. In 752, the two were again on opposing sides of the Welsh conflict, with Cuthred putting &#8220;him [\u00c6\u00feelbald] to flight&#8221; at Bedford. By the end of his reign,\u00a0\u00c6\u00feelbald reasserted his claim to Wessex. On a different front, in 740\u00a0\u00c6\u00feelbald warred with the Northumbrians and Picts, taking advantage of <a title=\"Eadberht\" href=\"https:\/\/whiteravens.org\/?page_id=375\">King Eadberht<\/a>&#8216;s absence and possibly burning York.<\/p>\n<p>A letter was sent by Wynfryth of Wessex (later St. Boniface) to \u00c6\u00feelbald in 745\/746, detailing his many sins against God and the church. Among his offenses were:\u00a0stealing ecclesiastical revenue, violating church privileges, imposing forced labor on the clergy, and fornicating with nuns. There also exists a 9th century claim, that he\u00a0murdered the kinsman of a Mercian abbess.\u00a0Boniface&#8217;s letter instructed \u00c6\u00feelbald to abandon lust and take a wife. The letter was sent to Ecgberht, archbishop of York, and delivered and read by Herefri\u00f0, a priest close to\u00a0\u00c6\u00feelbald.<\/p>\n<blockquote><p>&#8220;We therefore, beloved son, beseech Your Grace by Christ the son of God and by His coming and by His kingdom, that if it is true that you are continuing in this vice you will amend your life by penitence, purify yourself, and bear in mind how vile a thing it is through lust to change the image of God created in you into the image and likeness of a vicious demon. Remember that you were made king and ruler over many not by your own merits but by the abounding grace of God, and now you are making yourself by your own lust the slave of an evil spirit.&#8221;<\/p><\/blockquote>\n<p>In 747,\u00a0\u00c6\u00feelbald presided over the Synod of Clovesho (location unknown). The synod condemned secular activities among the clergy and limited relations between laymen and monks. At the Synod of Gumley in 749, \u00c6\u00feelbald issued\u00a0a charter freeing ecclesiastical lands from all obligations except the building of bridges and forts.<\/p>\n<div id=\"attachment_438\" style=\"width: 460px\" class=\"wp-caption aligncenter\"><a href=\"https:\/\/whiteravens.org\/wp-content\/uploads\/2013\/09\/Repton-Stone.jpg\"><img loading=\"lazy\" decoding=\"async\" aria-describedby=\"caption-attachment-438\" class=\"size-full wp-image-438\" alt=\"Repton Stone\" src=\"https:\/\/whiteravens.org\/wp-content\/uploads\/2013\/09\/Repton-Stone.jpg\" width=\"450\" height=\"546\" srcset=\"https:\/\/whiteravens.org\/wp-content\/uploads\/2013\/09\/Repton-Stone.jpg 450w, https:\/\/whiteravens.org\/wp-content\/uploads\/2013\/09\/Repton-Stone-247x300.jpg 247w\" sizes=\"auto, (max-width: 450px) 100vw, 450px\" \/><\/a><p id=\"caption-attachment-438\" class=\"wp-caption-text\">Repton Stone, Derby Museum and Art Gallery<\/p><\/div>\n<p>\u00c6\u00feelbald was &#8220;treacherously murdered at night by his own bodyguards&#8221; at Seckington, Warwickshire in 757. The reason is unknown. He was buried in the crypt of St. Wystan&#8217;s Church, Repton, Derbyshire. On a stone cross fragment (i.e., the Repton Stone), now at the Derby Museum, is a relief image of a mounted figure with a diadem. It is thought to be a representation of\u00a0\u00c6\u00feelbald.<\/p>\n<ol>\n<li>&#8220;<a href=\"http:\/\/www.royal.gov.uk\/HistoryoftheMonarchy\/KingsandQueensofEngland\/TheAnglo-Saxonkings\/Ethelbald.aspx\">Ethelbald<\/a>&#8220;, Official Website of the British Monarchy<\/li>\n<li>&#8220;<a href=\"http:\/\/en.wikipedia.org\/wiki\/St._Wystan%27s_Church,_Repton\">St. Wystan&#8217;s Church, Repton<\/a>&#8220;, Wikipedia<\/li>\n<\/ol>\n","protected":false},"excerpt":{"rendered":"<p>\u00c6\u00feelbald was King of Mercia from 716 to 757. He was the son of Alweo and grandson of Eowa, brother of Penda. He ascended to the throne following the suspicious death of King\u00a0Ceolred, who had previously sent him into exile. &hellip; <a href=\"https:\/\/whiteravens.org\/?page_id=346\">Continue reading <span class=\"meta-nav\">&rarr;<\/span><\/a><\/p>\n","protected":false},"author":1,"featured_media":0,"parent":206,"menu_order":16,"comment_status":"open","ping_status":"open","template":"","meta":{"footnotes":""},"class_list":["post-346","page","type-page","status-publish","hentry"],"_links":{"self":[{"href":"https:\/\/whiteravens.org\/index.php?rest_route=\/wp\/v2\/pages\/346","targetHints":{"allow":["GET"]}}],"collection":[{"href":"https:\/\/whiteravens.org\/index.php?rest_route=\/wp\/v2\/pages"}],"about":[{"href":"https:\/\/whiteravens.org\/index.php?rest_route=\/wp\/v2\/types\/page"}],"author":[{"embeddable":true,"href":"https:\/\/whiteravens.org\/index.php?rest_route=\/wp\/v2\/users\/1"}],"replies":[{"embeddable":true,"href":"https:\/\/whiteravens.org\/index.php?rest_route=%2Fwp%2Fv2%2Fcomments&post=346"}],"version-history":[{"count":7,"href":"https:\/\/whiteravens.org\/index.php?rest_route=\/wp\/v2\/pages\/346\/revisions"}],"predecessor-version":[{"id":440,"href":"https:\/\/whiteravens.org\/index.php?rest_route=\/wp\/v2\/pages\/346\/revisions\/440"}],"up":[{"embeddable":true,"href":"https:\/\/whiteravens.org\/index.php?rest_route=\/wp\/v2\/pages\/206"}],"wp:attachment":[{"href":"https:\/\/whiteravens.org\/index.php?rest_route=%2Fwp%2Fv2%2Fmedia&parent=346"}],"curies":[{"name":"wp","href":"https:\/\/api.w.org\/{rel}","templated":true}]}}