{"id":397,"date":"2013-09-20T07:52:59","date_gmt":"2013-09-20T11:52:59","guid":{"rendered":"https:\/\/whiteravens.org\/?page_id=397"},"modified":"2013-09-20T07:56:24","modified_gmt":"2013-09-20T11:56:24","slug":"aethelred-ii","status":"publish","type":"page","link":"https:\/\/whiteravens.org\/?page_id=397","title":{"rendered":"\u00c6\u00feelred II"},"content":{"rendered":"<p>\u00c6\u00feelred II was King of Northumbria from ca. 854 to 858.<\/p>\n<div id=\"attachment_398\" style=\"width: 460px\" class=\"wp-caption aligncenter\"><a href=\"https:\/\/whiteravens.org\/wp-content\/uploads\/2013\/09\/\u00c6\u00feelred-II-sceat.jpg\"><img loading=\"lazy\" decoding=\"async\" aria-describedby=\"caption-attachment-398\" class=\"size-full wp-image-398\" alt=\"\u00c6\u00feelred II sceat, first reign, Leofdegn moneyer\" src=\"https:\/\/whiteravens.org\/wp-content\/uploads\/2013\/09\/\u00c6\u00feelred-II-sceat.jpg\" width=\"450\" height=\"224\" srcset=\"https:\/\/whiteravens.org\/wp-content\/uploads\/2013\/09\/\u00c6\u00feelred-II-sceat.jpg 450w, https:\/\/whiteravens.org\/wp-content\/uploads\/2013\/09\/\u00c6\u00feelred-II-sceat-300x149.jpg 300w\" sizes=\"auto, (max-width: 450px) 100vw, 450px\" \/><\/a><p id=\"caption-attachment-398\" class=\"wp-caption-text\">\u00c6\u00feelred II sceat, first reign, Leofdegn moneyer<\/p><\/div>\n<ol>\n<li>Coin images from &#8220;<a href=\"http:\/\/www.coins-of-the-uk.co.uk\/pics\/hamm\/north\/index.html\">Pictures of Coins of the UK<\/a>&#8220;, Jean Elsen and ses Fils<\/li>\n<li>&#8220;<a href=\"http:\/\/en.wikipedia.org\/wiki\/%C3%86thelred_II_of_Northumbria\">\u00c6thelred II of Northumbria<\/a>&#8220;, Wikipedia<\/li>\n<\/ol>\n","protected":false},"excerpt":{"rendered":"<p>\u00c6\u00feelred II was King of Northumbria from ca. 854 to 858. Coin images from &#8220;Pictures of Coins of the UK&#8220;, Jean Elsen and ses Fils &#8220;\u00c6thelred II of Northumbria&#8220;, Wikipedia<\/p>\n","protected":false},"author":1,"featured_media":0,"parent":219,"menu_order":49,"comment_status":"open","ping_status":"open","template":"","meta":{"footnotes":""},"class_list":["post-397","page","type-page","status-publish","hentry"],"_links":{"self":[{"href":"https:\/\/whiteravens.org\/index.php?rest_route=\/wp\/v2\/pages\/397","targetHints":{"allow":["GET"]}}],"collection":[{"href":"https:\/\/whiteravens.org\/index.php?rest_route=\/wp\/v2\/pages"}],"about":[{"href":"https:\/\/whiteravens.org\/index.php?rest_route=\/wp\/v2\/types\/page"}],"author":[{"embeddable":true,"href":"https:\/\/whiteravens.org\/index.php?rest_route=\/wp\/v2\/users\/1"}],"replies":[{"embeddable":true,"href":"https:\/\/whiteravens.org\/index.php?rest_route=%2Fwp%2Fv2%2Fcomments&post=397"}],"version-history":[{"count":2,"href":"https:\/\/whiteravens.org\/index.php?rest_route=\/wp\/v2\/pages\/397\/revisions"}],"predecessor-version":[{"id":401,"href":"https:\/\/whiteravens.org\/index.php?rest_route=\/wp\/v2\/pages\/397\/revisions\/401"}],"up":[{"embeddable":true,"href":"https:\/\/whiteravens.org\/index.php?rest_route=\/wp\/v2\/pages\/219"}],"wp:attachment":[{"href":"https:\/\/whiteravens.org\/index.php?rest_route=%2Fwp%2Fv2%2Fmedia&parent=397"}],"curies":[{"name":"wp","href":"https:\/\/api.w.org\/{rel}","templated":true}]}}